{"id":4301,"date":"2020-04-30T16:47:21","date_gmt":"2020-04-30T14:47:21","guid":{"rendered":"https:\/\/lestabliersdepatox.com\/?page_id=4301"},"modified":"2021-12-20T01:58:24","modified_gmt":"2021-12-20T00:58:24","slug":"a-propos","status":"publish","type":"page","link":"https:\/\/lestabliersdepatox.com\/?page_id=4301","title":{"rendered":"A propos"},"content":{"rendered":"\n<p><\/p>\n\n\n\n<div class=\"wp-block-image\"><figure class=\"alignright size-full is-resized\"><img decoding=\"async\" src=\"https:\/\/lestabliersdepatox.com\/wp-content\/uploads\/2021\/09\/Les-tabliers-de-patox_badge-2.png\" alt=\"\" class=\"wp-image-4616\" width=\"206\" height=\"215\" srcset=\"https:\/\/lestabliersdepatox.com\/wp-content\/uploads\/2021\/09\/Les-tabliers-de-patox_badge-2.png 824w, https:\/\/lestabliersdepatox.com\/wp-content\/uploads\/2021\/09\/Les-tabliers-de-patox_badge-2-700x730.png 700w, https:\/\/lestabliersdepatox.com\/wp-content\/uploads\/2021\/09\/Les-tabliers-de-patox_badge-2-288x300.png 288w, https:\/\/lestabliersdepatox.com\/wp-content\/uploads\/2021\/09\/Les-tabliers-de-patox_badge-2-768x801.png 768w, https:\/\/lestabliersdepatox.com\/wp-content\/uploads\/2021\/09\/Les-tabliers-de-patox_badge-2-600x625.png 600w\" sizes=\"(max-width: 206px) 100vw, 206px\" \/><\/figure><\/div>\n\n\n\n<p>La cuisine est une passion pour moi et cela depuis toute petite. <\/p>\n\n\n\n<p>Port\u00e9e par cette passion, j\u2019ai d\u00e9cid\u00e9 avec l\u2019aide de ma maman, de cr\u00e9er une ligne d\u2019accessoire de cuisine en wax, 100% coton\u00a0!<\/p>\n\n\n\n<p>Pourquoi le wax&nbsp;? C\u2019est un tissu qui a berc\u00e9 mon enfance, par ses couleurs vives et ses beaux motifs. Je revois la garde-robe de maman aux couleurs chatoyantes, accompagn\u00e9 de mes tantes en cuisine, rayonnantes avec de belles couleurs nous concoctant de bons petits plats\u2026<\/p>\n\n\n\n<p>Ce tissu a toujours fait partie de ma vie et l\u2019a rempli de couleurs. Cr\u00e9er les Tabliers de Patox \u00e9tait une \u00e9vidence, je veux partager ma passion et ensoleiller votre cuisine avec ces tabliers en wax. <\/p>\n\n\n\n<p>Je vous propose des tabliers et autres accessoires confectionn\u00e9s artisanalement \u00e0 Kinshasa, en R\u00e9publique D\u00e9mocratique du Congo.<\/p>\n","protected":false},"excerpt":{"rendered":"<p>La cuisine est une passion pour moi et cela depuis toute petite. Port\u00e9e par cette passion, j\u2019ai d\u00e9cid\u00e9 avec l\u2019aide de ma maman, de cr\u00e9er une ligne d\u2019accessoire de cuisine en wax, 100% coton\u00a0! Pourquoi le wax&nbsp;? C\u2019est un tissu qui a berc\u00e9 mon enfance, par ses couleurs vives et ses beaux motifs. Je revois&#8230;<\/p>\n","protected":false},"author":1,"featured_media":0,"parent":0,"menu_order":0,"comment_status":"closed","ping_status":"closed","template":"","meta":{"_monsterinsights_skip_tracking":false,"_monsterinsights_sitenote_active":false,"_monsterinsights_sitenote_note":"","_monsterinsights_sitenote_category":0,"_kadence_starter_templates_imported_post":false,"_kad_post_transparent":"","_kad_post_title":"","_kad_post_layout":"","_kad_post_sidebar_id":"","_kad_post_content_style":"","_kad_post_vertical_padding":"","_kad_post_feature":"","_kad_post_feature_position":"","_kad_post_header":false,"_kad_post_footer":false,"footnotes":""},"yoast_head":"<!-- This site is optimized with the Yoast SEO plugin v23.0 - https:\/\/yoast.com\/wordpress\/plugins\/seo\/ -->\n<title>A propos - Les Tabliers de Patox<\/title>\n<meta name=\"robots\" content=\"index, follow, max-snippet:-1, max-image-preview:large, max-video-preview:-1\" \/>\n<link rel=\"canonical\" href=\"https:\/\/lestabliersdepatox.com\/?page_id=4301\" \/>\n<meta property=\"og:locale\" content=\"fr_FR\" \/>\n<meta property=\"og:type\" content=\"article\" \/>\n<meta property=\"og:title\" content=\"A propos - Les Tabliers de Patox\" \/>\n<meta property=\"og:description\" content=\"La cuisine est une passion pour moi et cela depuis toute petite. Port\u00e9e par cette passion, j\u2019ai d\u00e9cid\u00e9 avec l\u2019aide de ma maman, de cr\u00e9er une ligne d\u2019accessoire de cuisine en wax, 100% coton\u00a0! Pourquoi le wax&nbsp;? C\u2019est un tissu qui a berc\u00e9 mon enfance, par ses couleurs vives et ses beaux motifs. Je revois...\" \/>\n<meta property=\"og:url\" content=\"https:\/\/lestabliersdepatox.com\/?page_id=4301\" \/>\n<meta property=\"og:site_name\" content=\"Les Tabliers de Patox\" \/>\n<meta property=\"article:modified_time\" content=\"2021-12-20T00:58:24+00:00\" \/>\n<meta property=\"og:image\" content=\"https:\/\/lestabliersdepatox.com\/wp-content\/uploads\/2021\/09\/Les-tabliers-de-patox_badge-2.png\" \/>\n<meta name=\"twitter:card\" content=\"summary_large_image\" \/>\n<meta name=\"twitter:label1\" content=\"Dur\u00e9e de lecture estim\u00e9e\" \/>\n\t<meta name=\"twitter:data1\" content=\"1 minute\" \/>\n<script type=\"application\/ld+json\" class=\"yoast-schema-graph\">{\"@context\":\"https:\/\/schema.org\",\"@graph\":[{\"@type\":\"WebPage\",\"@id\":\"https:\/\/lestabliersdepatox.com\/?page_id=4301\",\"url\":\"https:\/\/lestabliersdepatox.com\/?page_id=4301\",\"name\":\"A propos - Les Tabliers de Patox\",\"isPartOf\":{\"@id\":\"https:\/\/lestabliersdepatox.com\/#website\"},\"primaryImageOfPage\":{\"@id\":\"https:\/\/lestabliersdepatox.com\/?page_id=4301#primaryimage\"},\"image\":{\"@id\":\"https:\/\/lestabliersdepatox.com\/?page_id=4301#primaryimage\"},\"thumbnailUrl\":\"https:\/\/lestabliersdepatox.com\/wp-content\/uploads\/2021\/09\/Les-tabliers-de-patox_badge-2.png\",\"datePublished\":\"2020-04-30T14:47:21+00:00\",\"dateModified\":\"2021-12-20T00:58:24+00:00\",\"breadcrumb\":{\"@id\":\"https:\/\/lestabliersdepatox.com\/?page_id=4301#breadcrumb\"},\"inLanguage\":\"fr-FR\",\"potentialAction\":[{\"@type\":\"ReadAction\",\"target\":[\"https:\/\/lestabliersdepatox.com\/?page_id=4301\"]}]},{\"@type\":\"ImageObject\",\"inLanguage\":\"fr-FR\",\"@id\":\"https:\/\/lestabliersdepatox.com\/?page_id=4301#primaryimage\",\"url\":\"https:\/\/lestabliersdepatox.com\/wp-content\/uploads\/2021\/09\/Les-tabliers-de-patox_badge-2.png\",\"contentUrl\":\"https:\/\/lestabliersdepatox.com\/wp-content\/uploads\/2021\/09\/Les-tabliers-de-patox_badge-2.png\",\"width\":824,\"height\":859},{\"@type\":\"BreadcrumbList\",\"@id\":\"https:\/\/lestabliersdepatox.com\/?page_id=4301#breadcrumb\",\"itemListElement\":[{\"@type\":\"ListItem\",\"position\":1,\"name\":\"Accueil\",\"item\":\"https:\/\/lestabliersdepatox.com\/\"},{\"@type\":\"ListItem\",\"position\":2,\"name\":\"A propos\"}]},{\"@type\":\"WebSite\",\"@id\":\"https:\/\/lestabliersdepatox.com\/#website\",\"url\":\"https:\/\/lestabliersdepatox.com\/\",\"name\":\"Les Tabliers de Patox\",\"description\":\"Apportez du soleil dans votre cuisine !\",\"publisher\":{\"@id\":\"https:\/\/lestabliersdepatox.com\/#organization\"},\"potentialAction\":[{\"@type\":\"SearchAction\",\"target\":{\"@type\":\"EntryPoint\",\"urlTemplate\":\"https:\/\/lestabliersdepatox.com\/?s={search_term_string}\"},\"query-input\":\"required name=search_term_string\"}],\"inLanguage\":\"fr-FR\"},{\"@type\":\"Organization\",\"@id\":\"https:\/\/lestabliersdepatox.com\/#organization\",\"name\":\"Lestabliersdepatox\",\"url\":\"https:\/\/lestabliersdepatox.com\/\",\"logo\":{\"@type\":\"ImageObject\",\"inLanguage\":\"fr-FR\",\"@id\":\"https:\/\/lestabliersdepatox.com\/#\/schema\/logo\/image\/\",\"url\":\"https:\/\/lestabliersdepatox.com\/wp-content\/uploads\/2020\/05\/les-tabliers-de-patox_logosite-03.png\",\"contentUrl\":\"https:\/\/lestabliersdepatox.com\/wp-content\/uploads\/2020\/05\/les-tabliers-de-patox_logosite-03.png\",\"width\":697,\"height\":489,\"caption\":\"Lestabliersdepatox\"},\"image\":{\"@id\":\"https:\/\/lestabliersdepatox.com\/#\/schema\/logo\/image\/\"}}]}<\/script>\n<!-- \/ Yoast SEO plugin. -->","yoast_head_json":{"title":"A propos - Les Tabliers de Patox","robots":{"index":"index","follow":"follow","max-snippet":"max-snippet:-1","max-image-preview":"max-image-preview:large","max-video-preview":"max-video-preview:-1"},"canonical":"https:\/\/lestabliersdepatox.com\/?page_id=4301","og_locale":"fr_FR","og_type":"article","og_title":"A propos - Les Tabliers de Patox","og_description":"La cuisine est une passion pour moi et cela depuis toute petite. Port\u00e9e par cette passion, j\u2019ai d\u00e9cid\u00e9 avec l\u2019aide de ma maman, de cr\u00e9er une ligne d\u2019accessoire de cuisine en wax, 100% coton\u00a0! Pourquoi le wax&nbsp;? C\u2019est un tissu qui a berc\u00e9 mon enfance, par ses couleurs vives et ses beaux motifs. Je revois...","og_url":"https:\/\/lestabliersdepatox.com\/?page_id=4301","og_site_name":"Les Tabliers de Patox","article_modified_time":"2021-12-20T00:58:24+00:00","og_image":[{"url":"https:\/\/lestabliersdepatox.com\/wp-content\/uploads\/2021\/09\/Les-tabliers-de-patox_badge-2.png"}],"twitter_card":"summary_large_image","twitter_misc":{"Dur\u00e9e de lecture estim\u00e9e":"1 minute"},"schema":{"@context":"https:\/\/schema.org","@graph":[{"@type":"WebPage","@id":"https:\/\/lestabliersdepatox.com\/?page_id=4301","url":"https:\/\/lestabliersdepatox.com\/?page_id=4301","name":"A propos - Les Tabliers de Patox","isPartOf":{"@id":"https:\/\/lestabliersdepatox.com\/#website"},"primaryImageOfPage":{"@id":"https:\/\/lestabliersdepatox.com\/?page_id=4301#primaryimage"},"image":{"@id":"https:\/\/lestabliersdepatox.com\/?page_id=4301#primaryimage"},"thumbnailUrl":"https:\/\/lestabliersdepatox.com\/wp-content\/uploads\/2021\/09\/Les-tabliers-de-patox_badge-2.png","datePublished":"2020-04-30T14:47:21+00:00","dateModified":"2021-12-20T00:58:24+00:00","breadcrumb":{"@id":"https:\/\/lestabliersdepatox.com\/?page_id=4301#breadcrumb"},"inLanguage":"fr-FR","potentialAction":[{"@type":"ReadAction","target":["https:\/\/lestabliersdepatox.com\/?page_id=4301"]}]},{"@type":"ImageObject","inLanguage":"fr-FR","@id":"https:\/\/lestabliersdepatox.com\/?page_id=4301#primaryimage","url":"https:\/\/lestabliersdepatox.com\/wp-content\/uploads\/2021\/09\/Les-tabliers-de-patox_badge-2.png","contentUrl":"https:\/\/lestabliersdepatox.com\/wp-content\/uploads\/2021\/09\/Les-tabliers-de-patox_badge-2.png","width":824,"height":859},{"@type":"BreadcrumbList","@id":"https:\/\/lestabliersdepatox.com\/?page_id=4301#breadcrumb","itemListElement":[{"@type":"ListItem","position":1,"name":"Accueil","item":"https:\/\/lestabliersdepatox.com\/"},{"@type":"ListItem","position":2,"name":"A propos"}]},{"@type":"WebSite","@id":"https:\/\/lestabliersdepatox.com\/#website","url":"https:\/\/lestabliersdepatox.com\/","name":"Les Tabliers de Patox","description":"Apportez du soleil dans votre cuisine !","publisher":{"@id":"https:\/\/lestabliersdepatox.com\/#organization"},"potentialAction":[{"@type":"SearchAction","target":{"@type":"EntryPoint","urlTemplate":"https:\/\/lestabliersdepatox.com\/?s={search_term_string}"},"query-input":"required name=search_term_string"}],"inLanguage":"fr-FR"},{"@type":"Organization","@id":"https:\/\/lestabliersdepatox.com\/#organization","name":"Lestabliersdepatox","url":"https:\/\/lestabliersdepatox.com\/","logo":{"@type":"ImageObject","inLanguage":"fr-FR","@id":"https:\/\/lestabliersdepatox.com\/#\/schema\/logo\/image\/","url":"https:\/\/lestabliersdepatox.com\/wp-content\/uploads\/2020\/05\/les-tabliers-de-patox_logosite-03.png","contentUrl":"https:\/\/lestabliersdepatox.com\/wp-content\/uploads\/2020\/05\/les-tabliers-de-patox_logosite-03.png","width":697,"height":489,"caption":"Lestabliersdepatox"},"image":{"@id":"https:\/\/lestabliersdepatox.com\/#\/schema\/logo\/image\/"}}]}},"_links":{"self":[{"href":"https:\/\/lestabliersdepatox.com\/index.php?rest_route=\/wp\/v2\/pages\/4301"}],"collection":[{"href":"https:\/\/lestabliersdepatox.com\/index.php?rest_route=\/wp\/v2\/pages"}],"about":[{"href":"https:\/\/lestabliersdepatox.com\/index.php?rest_route=\/wp\/v2\/types\/page"}],"author":[{"embeddable":true,"href":"https:\/\/lestabliersdepatox.com\/index.php?rest_route=\/wp\/v2\/users\/1"}],"replies":[{"embeddable":true,"href":"https:\/\/lestabliersdepatox.com\/index.php?rest_route=%2Fwp%2Fv2%2Fcomments&post=4301"}],"version-history":[{"count":12,"href":"https:\/\/lestabliersdepatox.com\/index.php?rest_route=\/wp\/v2\/pages\/4301\/revisions"}],"predecessor-version":[{"id":4847,"href":"https:\/\/lestabliersdepatox.com\/index.php?rest_route=\/wp\/v2\/pages\/4301\/revisions\/4847"}],"wp:attachment":[{"href":"https:\/\/lestabliersdepatox.com\/index.php?rest_route=%2Fwp%2Fv2%2Fmedia&parent=4301"}],"curies":[{"name":"wp","href":"https:\/\/api.w.org\/{rel}","templated":true}]}}