{"id":4423,"date":"2021-01-25T13:57:20","date_gmt":"2021-01-25T12:57:20","guid":{"rendered":"https:\/\/lestabliersdepatox.com\/?post_type=product&#038;p=4423"},"modified":"2022-07-25T19:41:40","modified_gmt":"2022-07-25T17:41:40","slug":"tablier-a-bavette-reversible-itimbiri","status":"publish","type":"product","link":"https:\/\/lestabliersdepatox.com\/?product=tablier-a-bavette-reversible-itimbiri","title":{"rendered":"Tablier \u00e0 bavette r\u00e9versible ITIMBIRI"},"content":{"rendered":"<p><span style=\"font-weight: 400;\">\u00a0\u00bb 2 tablier en 1&Prime; . <\/span><span style=\"font-weight: 400;\">Il allie protection et \u00e9l\u00e9gance !<\/span><\/p>\n","protected":false},"excerpt":{"rendered":"<ul>\n<li style=\"font-weight: 400;\"><span style=\"font-weight: 400;\"><span style=\"font-weight: 400;\">Tissu wax, 100% coton<\/span><\/span><\/li>\n<li><span style=\"font-weight: 400;\">1 grande poche \u00e0 l&rsquo; avant<\/span><\/li>\n<li style=\"font-weight: 400;\"><span style=\"font-weight: 400;\"><span style=\"font-weight: 400;\">Fabriqu\u00e9 \u00e0 Kinshasa en R\u00e9publique D\u00e9mocratique du Congo<\/span><\/span><\/li>\n<li style=\"font-weight: 400;\"><span style=\"font-weight: 400;\"><span style=\"font-weight: 400;\">Entretien: le tablier se lave \u00e0 30\u00b0 en machine avec des tissus de coloris similaires<\/span><\/span><\/li>\n<\/ul>\n","protected":false},"featured_media":4434,"template":"","meta":{"_monsterinsights_skip_tracking":false,"_monsterinsights_sitenote_active":false,"_monsterinsights_sitenote_note":"","_monsterinsights_sitenote_category":0,"_kadence_starter_templates_imported_post":false,"_kad_post_transparent":"","_kad_post_title":"","_kad_post_layout":"","_kad_post_sidebar_id":"","_kad_post_content_style":"","_kad_post_vertical_padding":"","_kad_post_feature":"","_kad_post_feature_position":"","_kad_post_header":false,"_kad_post_footer":false},"product_cat":[57],"product_tag":[64,61,62,63,60,59,58],"yoast_head":"<!-- This site is optimized with the Yoast SEO plugin v23.0 - https:\/\/yoast.com\/wordpress\/plugins\/seo\/ -->\n<title>Tablier \u00e0 bavette r\u00e9versible ITIMBIRI - Les Tabliers de Patox<\/title>\n<meta name=\"description\" content=\"Joli tablier avec un motif fleuri dans les tons fushia, jaune, orange et marron. Il allie protection et \u00e9l\u00e9gance.\" \/>\n<meta name=\"robots\" content=\"index, follow, max-snippet:-1, max-image-preview:large, max-video-preview:-1\" \/>\n<link rel=\"canonical\" href=\"https:\/\/lestabliersdepatox.com\/?product=tablier-a-bavette-reversible-itimbiri\" \/>\n<meta property=\"og:locale\" content=\"fr_FR\" \/>\n<meta property=\"og:type\" content=\"article\" \/>\n<meta property=\"og:title\" content=\"Tablier \u00e0 bavette r\u00e9versible ITIMBIRI - Les Tabliers de Patox\" \/>\n<meta property=\"og:description\" content=\"Joli tablier avec un motif fleuri dans les tons fushia, jaune, orange et marron. Il allie protection et \u00e9l\u00e9gance.\" \/>\n<meta property=\"og:url\" content=\"https:\/\/lestabliersdepatox.com\/?product=tablier-a-bavette-reversible-itimbiri\" \/>\n<meta property=\"og:site_name\" content=\"Les Tabliers de Patox\" \/>\n<meta property=\"article:modified_time\" content=\"2022-07-25T17:41:40+00:00\" \/>\n<meta property=\"og:image\" content=\"https:\/\/lestabliersdepatox.com\/wp-content\/uploads\/2021\/01\/Itimbiri_.png\" \/>\n\t<meta property=\"og:image:width\" content=\"1080\" \/>\n\t<meta property=\"og:image:height\" content=\"1080\" \/>\n\t<meta property=\"og:image:type\" content=\"image\/png\" \/>\n<meta name=\"twitter:card\" content=\"summary_large_image\" \/>\n<meta name=\"twitter:label1\" content=\"Dur\u00e9e de lecture estim\u00e9e\" \/>\n\t<meta name=\"twitter:data1\" content=\"1 minute\" \/>\n<script type=\"application\/ld+json\" class=\"yoast-schema-graph\">{\"@context\":\"https:\/\/schema.org\",\"@graph\":[{\"@type\":\"WebPage\",\"@id\":\"https:\/\/lestabliersdepatox.com\/?product=tablier-a-bavette-reversible-itimbiri\",\"url\":\"https:\/\/lestabliersdepatox.com\/?product=tablier-a-bavette-reversible-itimbiri\",\"name\":\"Tablier \u00e0 bavette r\u00e9versible ITIMBIRI - Les Tabliers de Patox\",\"isPartOf\":{\"@id\":\"https:\/\/lestabliersdepatox.com\/#website\"},\"primaryImageOfPage\":{\"@id\":\"https:\/\/lestabliersdepatox.com\/?product=tablier-a-bavette-reversible-itimbiri#primaryimage\"},\"image\":{\"@id\":\"https:\/\/lestabliersdepatox.com\/?product=tablier-a-bavette-reversible-itimbiri#primaryimage\"},\"thumbnailUrl\":\"https:\/\/lestabliersdepatox.com\/wp-content\/uploads\/2021\/01\/Itimbiri_.png\",\"datePublished\":\"2021-01-25T12:57:20+00:00\",\"dateModified\":\"2022-07-25T17:41:40+00:00\",\"description\":\"Joli tablier avec un motif fleuri dans les tons fushia, jaune, orange et marron. Il allie protection et \u00e9l\u00e9gance.\",\"breadcrumb\":{\"@id\":\"https:\/\/lestabliersdepatox.com\/?product=tablier-a-bavette-reversible-itimbiri#breadcrumb\"},\"inLanguage\":\"fr-FR\",\"potentialAction\":[{\"@type\":\"ReadAction\",\"target\":[\"https:\/\/lestabliersdepatox.com\/?product=tablier-a-bavette-reversible-itimbiri\"]}]},{\"@type\":\"ImageObject\",\"inLanguage\":\"fr-FR\",\"@id\":\"https:\/\/lestabliersdepatox.com\/?product=tablier-a-bavette-reversible-itimbiri#primaryimage\",\"url\":\"https:\/\/lestabliersdepatox.com\/wp-content\/uploads\/2021\/01\/Itimbiri_.png\",\"contentUrl\":\"https:\/\/lestabliersdepatox.com\/wp-content\/uploads\/2021\/01\/Itimbiri_.png\",\"width\":1080,\"height\":1080},{\"@type\":\"BreadcrumbList\",\"@id\":\"https:\/\/lestabliersdepatox.com\/?product=tablier-a-bavette-reversible-itimbiri#breadcrumb\",\"itemListElement\":[{\"@type\":\"ListItem\",\"position\":1,\"name\":\"Accueil\",\"item\":\"https:\/\/lestabliersdepatox.com\/\"},{\"@type\":\"ListItem\",\"position\":2,\"name\":\"Nos produits\",\"item\":\"https:\/\/lestabliersdepatox.com\/?page_id=4957\"},{\"@type\":\"ListItem\",\"position\":3,\"name\":\"Tablier \u00e0 bavette r\u00e9versible ITIMBIRI\"}]},{\"@type\":\"WebSite\",\"@id\":\"https:\/\/lestabliersdepatox.com\/#website\",\"url\":\"https:\/\/lestabliersdepatox.com\/\",\"name\":\"Les Tabliers de Patox\",\"description\":\"Apportez du soleil dans votre cuisine !\",\"publisher\":{\"@id\":\"https:\/\/lestabliersdepatox.com\/#organization\"},\"potentialAction\":[{\"@type\":\"SearchAction\",\"target\":{\"@type\":\"EntryPoint\",\"urlTemplate\":\"https:\/\/lestabliersdepatox.com\/?s={search_term_string}\"},\"query-input\":\"required name=search_term_string\"}],\"inLanguage\":\"fr-FR\"},{\"@type\":\"Organization\",\"@id\":\"https:\/\/lestabliersdepatox.com\/#organization\",\"name\":\"Lestabliersdepatox\",\"url\":\"https:\/\/lestabliersdepatox.com\/\",\"logo\":{\"@type\":\"ImageObject\",\"inLanguage\":\"fr-FR\",\"@id\":\"https:\/\/lestabliersdepatox.com\/#\/schema\/logo\/image\/\",\"url\":\"https:\/\/lestabliersdepatox.com\/wp-content\/uploads\/2020\/05\/les-tabliers-de-patox_logosite-03.png\",\"contentUrl\":\"https:\/\/lestabliersdepatox.com\/wp-content\/uploads\/2020\/05\/les-tabliers-de-patox_logosite-03.png\",\"width\":697,\"height\":489,\"caption\":\"Lestabliersdepatox\"},\"image\":{\"@id\":\"https:\/\/lestabliersdepatox.com\/#\/schema\/logo\/image\/\"}}]}<\/script>\n<!-- \/ Yoast SEO plugin. -->","yoast_head_json":{"title":"Tablier \u00e0 bavette r\u00e9versible ITIMBIRI - Les Tabliers de Patox","description":"Joli tablier avec un motif fleuri dans les tons fushia, jaune, orange et marron. Il allie protection et \u00e9l\u00e9gance.","robots":{"index":"index","follow":"follow","max-snippet":"max-snippet:-1","max-image-preview":"max-image-preview:large","max-video-preview":"max-video-preview:-1"},"canonical":"https:\/\/lestabliersdepatox.com\/?product=tablier-a-bavette-reversible-itimbiri","og_locale":"fr_FR","og_type":"article","og_title":"Tablier \u00e0 bavette r\u00e9versible ITIMBIRI - Les Tabliers de Patox","og_description":"Joli tablier avec un motif fleuri dans les tons fushia, jaune, orange et marron. Il allie protection et \u00e9l\u00e9gance.","og_url":"https:\/\/lestabliersdepatox.com\/?product=tablier-a-bavette-reversible-itimbiri","og_site_name":"Les Tabliers de Patox","article_modified_time":"2022-07-25T17:41:40+00:00","og_image":[{"width":1080,"height":1080,"url":"https:\/\/lestabliersdepatox.com\/wp-content\/uploads\/2021\/01\/Itimbiri_.png","type":"image\/png"}],"twitter_card":"summary_large_image","twitter_misc":{"Dur\u00e9e de lecture estim\u00e9e":"1 minute"},"schema":{"@context":"https:\/\/schema.org","@graph":[{"@type":"WebPage","@id":"https:\/\/lestabliersdepatox.com\/?product=tablier-a-bavette-reversible-itimbiri","url":"https:\/\/lestabliersdepatox.com\/?product=tablier-a-bavette-reversible-itimbiri","name":"Tablier \u00e0 bavette r\u00e9versible ITIMBIRI - Les Tabliers de Patox","isPartOf":{"@id":"https:\/\/lestabliersdepatox.com\/#website"},"primaryImageOfPage":{"@id":"https:\/\/lestabliersdepatox.com\/?product=tablier-a-bavette-reversible-itimbiri#primaryimage"},"image":{"@id":"https:\/\/lestabliersdepatox.com\/?product=tablier-a-bavette-reversible-itimbiri#primaryimage"},"thumbnailUrl":"https:\/\/lestabliersdepatox.com\/wp-content\/uploads\/2021\/01\/Itimbiri_.png","datePublished":"2021-01-25T12:57:20+00:00","dateModified":"2022-07-25T17:41:40+00:00","description":"Joli tablier avec un motif fleuri dans les tons fushia, jaune, orange et marron. Il allie protection et \u00e9l\u00e9gance.","breadcrumb":{"@id":"https:\/\/lestabliersdepatox.com\/?product=tablier-a-bavette-reversible-itimbiri#breadcrumb"},"inLanguage":"fr-FR","potentialAction":[{"@type":"ReadAction","target":["https:\/\/lestabliersdepatox.com\/?product=tablier-a-bavette-reversible-itimbiri"]}]},{"@type":"ImageObject","inLanguage":"fr-FR","@id":"https:\/\/lestabliersdepatox.com\/?product=tablier-a-bavette-reversible-itimbiri#primaryimage","url":"https:\/\/lestabliersdepatox.com\/wp-content\/uploads\/2021\/01\/Itimbiri_.png","contentUrl":"https:\/\/lestabliersdepatox.com\/wp-content\/uploads\/2021\/01\/Itimbiri_.png","width":1080,"height":1080},{"@type":"BreadcrumbList","@id":"https:\/\/lestabliersdepatox.com\/?product=tablier-a-bavette-reversible-itimbiri#breadcrumb","itemListElement":[{"@type":"ListItem","position":1,"name":"Accueil","item":"https:\/\/lestabliersdepatox.com\/"},{"@type":"ListItem","position":2,"name":"Nos produits","item":"https:\/\/lestabliersdepatox.com\/?page_id=4957"},{"@type":"ListItem","position":3,"name":"Tablier \u00e0 bavette r\u00e9versible ITIMBIRI"}]},{"@type":"WebSite","@id":"https:\/\/lestabliersdepatox.com\/#website","url":"https:\/\/lestabliersdepatox.com\/","name":"Les Tabliers de Patox","description":"Apportez du soleil dans votre cuisine !","publisher":{"@id":"https:\/\/lestabliersdepatox.com\/#organization"},"potentialAction":[{"@type":"SearchAction","target":{"@type":"EntryPoint","urlTemplate":"https:\/\/lestabliersdepatox.com\/?s={search_term_string}"},"query-input":"required name=search_term_string"}],"inLanguage":"fr-FR"},{"@type":"Organization","@id":"https:\/\/lestabliersdepatox.com\/#organization","name":"Lestabliersdepatox","url":"https:\/\/lestabliersdepatox.com\/","logo":{"@type":"ImageObject","inLanguage":"fr-FR","@id":"https:\/\/lestabliersdepatox.com\/#\/schema\/logo\/image\/","url":"https:\/\/lestabliersdepatox.com\/wp-content\/uploads\/2020\/05\/les-tabliers-de-patox_logosite-03.png","contentUrl":"https:\/\/lestabliersdepatox.com\/wp-content\/uploads\/2020\/05\/les-tabliers-de-patox_logosite-03.png","width":697,"height":489,"caption":"Lestabliersdepatox"},"image":{"@id":"https:\/\/lestabliersdepatox.com\/#\/schema\/logo\/image\/"}}]}},"_links":{"self":[{"href":"https:\/\/lestabliersdepatox.com\/index.php?rest_route=\/wp\/v2\/product\/4423"}],"collection":[{"href":"https:\/\/lestabliersdepatox.com\/index.php?rest_route=\/wp\/v2\/product"}],"about":[{"href":"https:\/\/lestabliersdepatox.com\/index.php?rest_route=\/wp\/v2\/types\/product"}],"wp:featuredmedia":[{"embeddable":true,"href":"https:\/\/lestabliersdepatox.com\/index.php?rest_route=\/wp\/v2\/media\/4434"}],"wp:attachment":[{"href":"https:\/\/lestabliersdepatox.com\/index.php?rest_route=%2Fwp%2Fv2%2Fmedia&parent=4423"}],"wp:term":[{"taxonomy":"product_cat","embeddable":true,"href":"https:\/\/lestabliersdepatox.com\/index.php?rest_route=%2Fwp%2Fv2%2Fproduct_cat&post=4423"},{"taxonomy":"product_tag","embeddable":true,"href":"https:\/\/lestabliersdepatox.com\/index.php?rest_route=%2Fwp%2Fv2%2Fproduct_tag&post=4423"}],"curies":[{"name":"wp","href":"https:\/\/api.w.org\/{rel}","templated":true}]}}